{"id":118384,"date":"2026-01-30T11:18:27","date_gmt":"2026-01-30T10:18:27","guid":{"rendered":"https:\/\/uier.org\/?page_id=118384"},"modified":"2026-03-25T18:11:13","modified_gmt":"2026-03-25T17:11:13","slug":"oficina-accelera-pyme","status":"publish","type":"page","link":"https:\/\/uier.org\/es\/oficina-accelera-pyme\/","title":{"rendered":"Oficina Accelera Pyme"},"content":{"rendered":"<p>[et_pb_section fb_built=&#8221;1&#8243; admin_label=&#8221;Header&#8221; _builder_version=&#8221;4.27.5&#8243; _module_preset=&#8221;default&#8221; background_color=&#8221;#1e3485&#8243; locked=&#8221;off&#8221; global_colors_info=&#8221;{}&#8221;][et_pb_row _builder_version=&#8221;4.27.5&#8243; _module_preset=&#8221;559e990d-2e16-4e36-88aa-4a3a3faa1339&#8243; height_tablet=&#8221;&#8221; height_phone=&#8221;100px&#8221; height_last_edited=&#8221;on|phone&#8221; global_colors_info=&#8221;{}&#8221;][et_pb_column type=&#8221;4_4&#8243; _builder_version=&#8221;4.25.2&#8243; _module_preset=&#8221;default&#8221; global_colors_info=&#8221;{}&#8221;][et_pb_heading title=&#8221;Acompanyem les empreses de la prov\u00edncia de Girona en la seva transformaci\u00f3 digital&#8221; _builder_version=&#8221;4.27.5&#8243; _module_preset=&#8221;b0795363-a0cf-43ac-afb0-962700459322&#8243; title_text_color=&#8221;#FFFFFF&#8221; title_font_size=&#8221;18px&#8221; global_colors_info=&#8221;{}&#8221;][\/et_pb_heading][et_pb_heading title=&#8221;Som Oficina Acelera Pyme!&#8221; _builder_version=&#8221;4.27.5&#8243; _module_preset=&#8221;f1a46545-67a6-48a3-b266-3e539bcf7573&#8243; title_font=&#8221;Times New Roman||on||||||&#8221; title_text_color=&#8221;#FFFFFF&#8221; custom_margin=&#8221;||10px||false|false&#8221; title_font_size_phone=&#8221;57px&#8221; global_colors_info=&#8221;{}&#8221;][\/et_pb_heading][\/et_pb_column][\/et_pb_row][et_pb_row column_structure=&#8221;1_2,1_2&#8243; _builder_version=&#8221;4.25.2&#8243; _module_preset=&#8221;559e990d-2e16-4e36-88aa-4a3a3faa1339&#8243; global_colors_info=&#8221;{}&#8221;][et_pb_column type=&#8221;1_2&#8243; _builder_version=&#8221;4.25.2&#8243; _module_preset=&#8221;default&#8221; global_colors_info=&#8221;{}&#8221;][et_pb_text _builder_version=&#8221;4.27.5&#8243; _module_preset=&#8221;649f0613-5e9f-42f3-95dc-5c6d0da9ebb8&#8243; text_text_color=&#8221;#FFFFFF&#8221; header_2_font=&#8221;Times New Roman||on||||||&#8221; header_2_text_color=&#8221;#FFFFFF&#8221; header_2_font_size=&#8221;37px&#8221; header_2_font_size_phone=&#8221;30px&#8221; global_colors_info=&#8221;{}&#8221;]<\/p>\n<h2>Qu\u00e8 \u00e9s l\u2019Oficina Accelera Pyme (OAP)?<\/h2>\n<p>La <strong>UIER<\/strong> \u00e9s <strong>Oficina Accelera Pyme<\/strong>, un servei impulsat per Red.es, entitat adscrita al Ministeri per a la Transformaci\u00f3 Digital, amb l\u2019objectiu d\u2019ajudar pimes, micropimes i persones aut\u00f2nomes a avan\u00e7ar en el seu proc\u00e9s de digitalitzaci\u00f3.<\/p>\n<p>Les <strong><em>Oficines Accelera Pyme<\/em><\/strong> formen part d\u2019una xarxa estatal de punts d\u2019atenci\u00f3 subvencionats que ofereixen informaci\u00f3, assessorament i acompanyament personalitzat en mat\u00e8ria de transformaci\u00f3 digital.<\/p>\n<p>La <strong>UIER<\/strong> apareix com a Oficina Accelera Pyme a la prov\u00edncia de Girona, dins el localitzador oficial:<\/p>\n<p>[\/et_pb_text][et_pb_button button_url=&#8221;https:\/\/www.acelerapyme.gob.es\/localizador-de-oficinas&#8221; url_new_window=&#8221;on&#8221; button_text=&#8221;cerca&#8217;ns!&#8221; _builder_version=&#8221;4.27.5&#8243; _module_preset=&#8221;feb376ce-8b81-49a3-a53f-9ec328356b0a&#8221; button_bg_color=&#8221;#16c586&#8243; global_colors_info=&#8221;{}&#8221;][\/et_pb_button][et_pb_text _builder_version=&#8221;4.27.5&#8243; _module_preset=&#8221;649f0613-5e9f-42f3-95dc-5c6d0da9ebb8&#8243; text_text_color=&#8221;#FFFFFF&#8221; header_2_font=&#8221;Times New Roman||on||||||&#8221; header_2_text_color=&#8221;#FFFFFF&#8221; header_2_font_size=&#8221;37px&#8221; global_colors_info=&#8221;{}&#8221;]<\/p>\n<h2>\u00c0mbit d\u2019actuaci\u00f3:<\/h2>\n<p>Empreses, comer\u00e7os i professionals de la prov\u00edncia de Girona.<\/p>\n<p>[\/et_pb_text][et_pb_text _builder_version=&#8221;4.27.5&#8243; _module_preset=&#8221;649f0613-5e9f-42f3-95dc-5c6d0da9ebb8&#8243; text_text_color=&#8221;#FFFFFF&#8221; header_2_font=&#8221;Times New Roman||on||||||&#8221; header_2_text_color=&#8221;#FFFFFF&#8221; header_2_font_size=&#8221;37px&#8221; global_colors_info=&#8221;{}&#8221;]<\/p>\n<h2>Objectiu principal:<\/h2>\n<p>Acompanyar les empreses en la presa de decisions digitals, ajudant-les a identificar necessitats, oportunitats i solucions reals adaptades a la seva mida i sector.<\/p>\n<p>[\/et_pb_text][\/et_pb_column][et_pb_column type=&#8221;1_2&#8243; _builder_version=&#8221;4.25.2&#8243; _module_preset=&#8221;default&#8221; global_colors_info=&#8221;{}&#8221;][et_pb_image src=&#8221;https:\/\/uier.org\/wp-content\/uploads\/2026\/01\/accelera-pyme.png&#8221; title_text=&#8221;accelera pyme&#8221; _builder_version=&#8221;4.27.5&#8243; _module_preset=&#8221;default&#8221; global_colors_info=&#8221;{}&#8221;][\/et_pb_image][\/et_pb_column][\/et_pb_row][\/et_pb_section][et_pb_section fb_built=&#8221;1&#8243; admin_label=&#8221;Stats&#8221; _builder_version=&#8221;4.27.5&#8243; _module_preset=&#8221;default&#8221; background_enable_color=&#8221;off&#8221; locked=&#8221;off&#8221; global_colors_info=&#8221;{%22gcid-b6c4f12c-f25d-4f61-9fb1-6e96404634cd%22:%91%22background_color%22%93}&#8221;][et_pb_row column_structure=&#8221;1_2,1_2&#8243; _builder_version=&#8221;4.27.5&#8243; _module_preset=&#8221;559e990d-2e16-4e36-88aa-4a3a3faa1339&#8243; global_colors_info=&#8221;{}&#8221;][et_pb_column type=&#8221;1_2&#8243; _builder_version=&#8221;4.25.2&#8243; _module_preset=&#8221;default&#8221; global_colors_info=&#8221;{}&#8221;][et_pb_text _builder_version=&#8221;4.27.5&#8243; _module_preset=&#8221;649f0613-5e9f-42f3-95dc-5c6d0da9ebb8&#8243; text_text_color=&#8221;#000000&#8243; header_2_font=&#8221;Times New Roman|600|on||||||&#8221; header_2_text_color=&#8221;#000000&#8243; header_2_font_size=&#8221;37px&#8221; header_2_font_size_phone=&#8221;30px&#8221; global_colors_info=&#8221;{}&#8221;]<\/p>\n<h2>Qu\u00e8 fem des de l\u2019OAP UIER?<\/h2>\n<p>Des de <strong>l\u2019Oficina Accelera Pyme<\/strong> de la<strong> UIER<\/strong> oferim serveis d\u2019assessorament subvencionats i personalitzats, orientats a impulsar la transformaci\u00f3 digital i la competitivitat de les empreses.<\/p>\n<p>[\/et_pb_text][et_pb_image src=&#8221;https:\/\/uier.org\/wp-content\/uploads\/2026\/01\/logotips-acelera-pyme.jpeg&#8221; title_text=&#8221;logotips-acelera-pyme&#8221; _builder_version=&#8221;4.27.5&#8243; _module_preset=&#8221;default&#8221; positioning=&#8221;relative&#8221; position_origin_r=&#8221;bottom_right&#8221; global_colors_info=&#8221;{}&#8221;][\/et_pb_image][\/et_pb_column][et_pb_column type=&#8221;1_2&#8243; _builder_version=&#8221;4.25.2&#8243; _module_preset=&#8221;default&#8221; global_colors_info=&#8221;{}&#8221;][et_pb_text _builder_version=&#8221;4.27.5&#8243; _module_preset=&#8221;649f0613-5e9f-42f3-95dc-5c6d0da9ebb8&#8243; text_text_color=&#8221;#000000&#8243; header_2_font=&#8221;Times New Roman|600|on||||||&#8221; header_2_text_color=&#8221;#000000&#8243; header_2_font_size=&#8221;37px&#8221; custom_margin=&#8221;||-1px|||&#8221; header_2_font_size_phone=&#8221;30px&#8221; global_colors_info=&#8221;{}&#8221;]<\/p>\n<h2>Serveis que oferim:<\/h2>\n<p>[\/et_pb_text][et_pb_accordion open_toggle_background_color=&#8221;#1e3485&#8243; closed_toggle_background_color=&#8221;#1e3485&#8243; icon_color=&#8221;#FFFFFF&#8221; use_icon_font_size=&#8221;on&#8221; icon_font_size=&#8221;29px&#8221; _builder_version=&#8221;4.27.5&#8243; _module_preset=&#8221;default&#8221; toggle_text_color=&#8221;#FFFFFF&#8221; toggle_font=&#8221;|700|||||||&#8221; body_text_color=&#8221;#FFFFFF&#8221; body_font_size=&#8221;16px&#8221; body_line_height=&#8221;1.8em&#8221; global_colors_info=&#8221;{}&#8221;][et_pb_accordion_item title=&#8221;Assessorament individualitzat&#8221; open=&#8221;on&#8221; _builder_version=&#8221;4.27.5&#8243; _module_preset=&#8221;default&#8221; global_colors_info=&#8221;{}&#8221;]<\/p>\n<ul>\n<li>Diagnosi inicial del nivell de digitalitzaci\u00f3 de l\u2019empresa.<\/li>\n<li>Identificaci\u00f3 de necessitats digitals.<\/li>\n<li>Definici\u00f3 d\u2019un full de ruta adaptat a cada negoci.<\/li>\n<\/ul>\n<p>[\/et_pb_accordion_item][et_pb_accordion_item title=&#8221;Informaci\u00f3 sobre ajuts i finan\u00e7ament&#8221; _builder_version=&#8221;4.27.5&#8243; _module_preset=&#8221;default&#8221; global_colors_info=&#8221;{}&#8221; open=&#8221;off&#8221;]<\/p>\n<ul>\n<li>Kit Digital i altres programes p\u00fablics.<\/li>\n<li>Orientaci\u00f3 sobre subvencions i convocat\u00f2ries vigents.<\/li>\n<li>Acompanyament en la comprensi\u00f3 dels requisits.<\/li>\n<\/ul>\n<p>[\/et_pb_accordion_item][et_pb_accordion_item title=&#8221;Transformaci\u00f3 digital&#8221; _builder_version=&#8221;4.27.5&#8243; _module_preset=&#8221;default&#8221; global_colors_info=&#8221;{}&#8221; open=&#8221;off&#8221;]<\/p>\n<ul>\n<li>Pres\u00e8ncia web i comer\u00e7 electr\u00f2nic.<\/li>\n<li>Xarxes socials i m\u00e0rqueting digital.<\/li>\n<li>Gesti\u00f3 de clients (CRM).<\/li>\n<li>Digitalitzaci\u00f3 de processos interns.<\/li>\n<li>Solucions al n\u00favol i eines col\u00b7laboratives.<\/li>\n<li>Ciberseguretat i protecci\u00f3 de dades<\/li>\n<\/ul>\n<p>[\/et_pb_accordion_item][et_pb_accordion_item title=&#8221;Tallers, jornades i activitats&#8221; _builder_version=&#8221;4.27.5&#8243; _module_preset=&#8221;default&#8221; global_colors_info=&#8221;{}&#8221; open=&#8221;off&#8221;]<\/p>\n<ul>\n<li>Sessions formatives pr\u00e0ctiques.<\/li>\n<li>Jornades de sensibilitzaci\u00f3 digital.<\/li>\n<li>Espais d\u2019intercanvi d\u2019experi\u00e8ncies entre empreses.<\/li>\n<\/ul>\n<p>[\/et_pb_accordion_item][et_pb_accordion_item title=&#8221;Els serveis de l\u2019Oficina Accelera Pyme UIER s\u2019adrecen a:&#8221; _builder_version=&#8221;4.27.5&#8243; _module_preset=&#8221;default&#8221; global_colors_info=&#8221;{}&#8221; open=&#8221;off&#8221;]<\/p>\n<ul>\n<li>Pimes<\/li>\n<li>Micropimes<\/li>\n<li>Persones treballadores aut\u00f2nomes<\/li>\n<li>Comer\u00e7os i negocis locals<\/li>\n<li>Emprenedors<\/li>\n<\/ul>\n<p>[\/et_pb_accordion_item][et_pb_accordion_item title=&#8221;Per qu\u00e8 confiar en l\u2019OAP UIER?&#8221; _builder_version=&#8221;4.27.5&#8243; _module_preset=&#8221;default&#8221; global_colors_info=&#8221;{}&#8221; open=&#8221;off&#8221;]<\/p>\n<ul>\n<li>Servei 100% subvencionat.<\/li>\n<li>Atenci\u00f3 personalitzada i de proximitat.<\/li>\n<li>Coneixement profund del teixit empresarial de la zona.<\/li>\n<li>Coordinaci\u00f3 amb altres serveis de la UIER (ocupaci\u00f3, formaci\u00f3, emprenedoria).<\/li>\n<li>Punt oficial reconegut dins la xarxa Accelera Pyme.<\/li>\n<\/ul>\n<p>[\/et_pb_accordion_item][\/et_pb_accordion][\/et_pb_column][\/et_pb_row][\/et_pb_section][et_pb_section fb_built=&#8221;1&#8243; admin_label=&#8221;Call To Action&#8221; _builder_version=&#8221;4.25.2&#8243; _module_preset=&#8221;default&#8221; background_color=&#8221;gcid-b6c4f12c-f25d-4f61-9fb1-6e96404634cd&#8221; locked=&#8221;off&#8221; global_colors_info=&#8221;{%22gcid-b6c4f12c-f25d-4f61-9fb1-6e96404634cd%22:%91%22background_color%22%93}&#8221;][et_pb_row _builder_version=&#8221;4.25.2&#8243; _module_preset=&#8221;default&#8221; max_width=&#8221;900px&#8221; locked=&#8221;off&#8221; global_colors_info=&#8221;{}&#8221;][et_pb_column type=&#8221;4_4&#8243; _builder_version=&#8221;4.25.2&#8243; _module_preset=&#8221;default&#8221; global_colors_info=&#8221;{}&#8221;][et_pb_heading title=&#8221;Estas interesat?&#8221; _builder_version=&#8221;4.27.5&#8243; _module_preset=&#8221;b0795363-a0cf-43ac-afb0-962700459322&#8243; title_text_align=&#8221;center&#8221; title_text_color=&#8221;gcid-b70c6ec4-3d09-43b5-80df-154e6e990bf3&#8243; locked=&#8221;off&#8221; global_colors_info=&#8221;{%22gcid-b70c6ec4-3d09-43b5-80df-154e6e990bf3%22:%91%22title_text_color%22%93}&#8221;][\/et_pb_heading][et_pb_heading title=&#8221;Si vols iniciar o millorar la digitalitzaci\u00f3 del teu negoci?&#8221; _builder_version=&#8221;4.27.5&#8243; _module_preset=&#8221;87b41faf-85e6-460f-9054-5c397cc04b67&#8243; title_font=&#8221;Times New Roman|700|on||||||&#8221; title_text_align=&#8221;center&#8221; max_width=&#8221;900px&#8221; module_alignment=&#8221;center&#8221; title_font_size_phone=&#8221;40px&#8221; locked=&#8221;off&#8221; global_colors_info=&#8221;{}&#8221;][\/et_pb_heading][et_pb_button button_url=&#8221;https:\/\/uier.org\/contacto\/&#8221; button_text=&#8221;contacta amb nosaltres&#8221; button_alignment=&#8221;center&#8221; _builder_version=&#8221;4.27.5&#8243; _module_preset=&#8221;cae3f3d6-d92f-463b-8bd4-18e2939c14f0&#8243; locked=&#8221;off&#8221; global_colors_info=&#8221;{}&#8221;][\/et_pb_button][\/et_pb_column][\/et_pb_row][\/et_pb_section]<\/p>\n","protected":false},"excerpt":{"rendered":"<p>Qu\u00e8 \u00e9s l\u2019Oficina Accelera Pyme (OAP)? La UIER \u00e9s Oficina Accelera Pyme, un servei impulsat per Red.es, entitat adscrita al Ministeri per a la Transformaci\u00f3 Digital, amb l\u2019objectiu d\u2019ajudar pimes, micropimes i persones aut\u00f2nomes a avan\u00e7ar en el seu proc\u00e9s de digitalitzaci\u00f3. Les Oficines Accelera Pyme formen part d\u2019una xarxa estatal de punts d\u2019atenci\u00f3 subvencionats [&hellip;]<\/p>\n","protected":false},"author":2,"featured_media":0,"parent":0,"menu_order":0,"comment_status":"closed","ping_status":"closed","template":"","meta":{"_acf_changed":false,"_et_pb_use_builder":"on","_et_pb_old_content":"","_et_gb_content_width":"","footnotes":""},"dipi_cpt_category":[],"class_list":["post-118384","page","type-page","status-publish","hentry"],"acf":[],"yoast_head":"<!-- This site is optimized with the Yoast SEO plugin v27.5 - https:\/\/yoast.com\/product\/yoast-seo-wordpress\/ -->\n<title>Oficina Accelera Pyme - UIER<\/title>\n<meta name=\"description\" content=\"Oficina Accelera Pyme al Ripoll\u00e8s: assessorament en digitalitzaci\u00f3 per a empreses i aut\u00f2noms. Impulsa el teu negoci amb suport i eines.\" \/>\n<meta name=\"robots\" content=\"index, follow, max-snippet:-1, max-image-preview:large, max-video-preview:-1\" \/>\n<link rel=\"canonical\" href=\"https:\/\/uier.org\/es\/oficina-accelera-pyme\/\" \/>\n<meta property=\"og:locale\" content=\"es_ES\" \/>\n<meta property=\"og:type\" content=\"article\" \/>\n<meta property=\"og:title\" content=\"Oficina Accelera Pyme Ripoll\u00e8s\" \/>\n<meta property=\"og:description\" content=\"Oficina Accelera Pyme al Ripoll\u00e8s: assessorament en digitalitzaci\u00f3 per a empreses i aut\u00f2noms. Impulsa el teu negoci amb suport i eines.\" \/>\n<meta property=\"og:url\" content=\"https:\/\/uier.org\/es\/oficina-accelera-pyme\/\" \/>\n<meta property=\"og:site_name\" content=\"UIER\" \/>\n<meta property=\"article:publisher\" content=\"https:\/\/www.facebook.com\/uierpatronalripolles\" \/>\n<meta property=\"article:modified_time\" content=\"2026-03-25T17:11:13+00:00\" \/>\n<meta property=\"og:image\" content=\"https:\/\/uier.org\/wp-content\/uploads\/2026\/01\/Logo-UIER.png\" \/>\n\t<meta property=\"og:image:width\" content=\"700\" \/>\n\t<meta property=\"og:image:height\" content=\"500\" \/>\n\t<meta property=\"og:image:type\" content=\"image\/png\" \/>\n<meta name=\"twitter:card\" content=\"summary_large_image\" \/>\n<meta name=\"twitter:label1\" content=\"Tiempo de lectura\" \/>\n\t<meta name=\"twitter:data1\" content=\"2 minutos\" \/>\n<script type=\"application\/ld+json\" class=\"yoast-schema-graph\">{\"@context\":\"https:\\\/\\\/schema.org\",\"@graph\":[{\"@type\":\"WebPage\",\"@id\":\"https:\\\/\\\/uier.org\\\/oficina-accelera-pyme\\\/\",\"url\":\"https:\\\/\\\/uier.org\\\/oficina-accelera-pyme\\\/\",\"name\":\"Oficina Accelera Pyme - UIER\",\"isPartOf\":{\"@id\":\"https:\\\/\\\/uier.org\\\/#website\"},\"datePublished\":\"2026-01-30T10:18:27+00:00\",\"dateModified\":\"2026-03-25T17:11:13+00:00\",\"description\":\"Oficina Accelera Pyme al Ripoll\u00e8s: assessorament en digitalitzaci\u00f3 per a empreses i aut\u00f2noms. Impulsa el teu negoci amb suport i eines.\",\"breadcrumb\":{\"@id\":\"https:\\\/\\\/uier.org\\\/oficina-accelera-pyme\\\/#breadcrumb\"},\"inLanguage\":\"es\",\"potentialAction\":[{\"@type\":\"ReadAction\",\"target\":[\"https:\\\/\\\/uier.org\\\/oficina-accelera-pyme\\\/\"]}]},{\"@type\":\"BreadcrumbList\",\"@id\":\"https:\\\/\\\/uier.org\\\/oficina-accelera-pyme\\\/#breadcrumb\",\"itemListElement\":[{\"@type\":\"ListItem\",\"position\":1,\"name\":\"Portada\",\"item\":\"https:\\\/\\\/uier.org\\\/\"},{\"@type\":\"ListItem\",\"position\":2,\"name\":\"Oficina Accelera Pyme\"}]},{\"@type\":\"WebSite\",\"@id\":\"https:\\\/\\\/uier.org\\\/#website\",\"url\":\"https:\\\/\\\/uier.org\\\/\",\"name\":\"UIER\",\"description\":\"Impulsem el progr\u00e9s empresarial del Ripoll\u00e8s\",\"publisher\":{\"@id\":\"https:\\\/\\\/uier.org\\\/#organization\"},\"alternateName\":\"Uni\u00f3 Intersectorial Empresarial del Ripoll\u00e8s\",\"potentialAction\":[{\"@type\":\"SearchAction\",\"target\":{\"@type\":\"EntryPoint\",\"urlTemplate\":\"https:\\\/\\\/uier.org\\\/?s={search_term_string}\"},\"query-input\":{\"@type\":\"PropertyValueSpecification\",\"valueRequired\":true,\"valueName\":\"search_term_string\"}}],\"inLanguage\":\"es\"},{\"@type\":\"Organization\",\"@id\":\"https:\\\/\\\/uier.org\\\/#organization\",\"name\":\"UIER\",\"alternateName\":\"Uni\u00f3 Intersectorial Empresarial del Ripoll\u00e8s\",\"url\":\"https:\\\/\\\/uier.org\\\/\",\"logo\":{\"@type\":\"ImageObject\",\"inLanguage\":\"es\",\"@id\":\"https:\\\/\\\/uier.org\\\/#\\\/schema\\\/logo\\\/image\\\/\",\"url\":\"https:\\\/\\\/uier.org\\\/wp-content\\\/uploads\\\/2026\\\/01\\\/Logo-UIER.png\",\"contentUrl\":\"https:\\\/\\\/uier.org\\\/wp-content\\\/uploads\\\/2026\\\/01\\\/Logo-UIER.png\",\"width\":700,\"height\":500,\"caption\":\"UIER\"},\"image\":{\"@id\":\"https:\\\/\\\/uier.org\\\/#\\\/schema\\\/logo\\\/image\\\/\"},\"sameAs\":[\"https:\\\/\\\/www.facebook.com\\\/uierpatronalripolles\",\"https:\\\/\\\/www.instagram.com\\\/uierpatronalripolles\"]}]}<\/script>\n<!-- \/ Yoast SEO plugin. -->","yoast_head_json":{"title":"Oficina Accelera Pyme - UIER","description":"Oficina Accelera Pyme al Ripoll\u00e8s: assessorament en digitalitzaci\u00f3 per a empreses i aut\u00f2noms. Impulsa el teu negoci amb suport i eines.","robots":{"index":"index","follow":"follow","max-snippet":"max-snippet:-1","max-image-preview":"max-image-preview:large","max-video-preview":"max-video-preview:-1"},"canonical":"https:\/\/uier.org\/es\/oficina-accelera-pyme\/","og_locale":"es_ES","og_type":"article","og_title":"Oficina Accelera Pyme Ripoll\u00e8s","og_description":"Oficina Accelera Pyme al Ripoll\u00e8s: assessorament en digitalitzaci\u00f3 per a empreses i aut\u00f2noms. Impulsa el teu negoci amb suport i eines.","og_url":"https:\/\/uier.org\/es\/oficina-accelera-pyme\/","og_site_name":"UIER","article_publisher":"https:\/\/www.facebook.com\/uierpatronalripolles","article_modified_time":"2026-03-25T17:11:13+00:00","og_image":[{"width":700,"height":500,"url":"https:\/\/uier.org\/wp-content\/uploads\/2026\/01\/Logo-UIER.png","type":"image\/png"}],"twitter_card":"summary_large_image","twitter_misc":{"Tiempo de lectura":"2 minutos"},"schema":{"@context":"https:\/\/schema.org","@graph":[{"@type":"WebPage","@id":"https:\/\/uier.org\/oficina-accelera-pyme\/","url":"https:\/\/uier.org\/oficina-accelera-pyme\/","name":"Oficina Accelera Pyme - UIER","isPartOf":{"@id":"https:\/\/uier.org\/#website"},"datePublished":"2026-01-30T10:18:27+00:00","dateModified":"2026-03-25T17:11:13+00:00","description":"Oficina Accelera Pyme al Ripoll\u00e8s: assessorament en digitalitzaci\u00f3 per a empreses i aut\u00f2noms. Impulsa el teu negoci amb suport i eines.","breadcrumb":{"@id":"https:\/\/uier.org\/oficina-accelera-pyme\/#breadcrumb"},"inLanguage":"es","potentialAction":[{"@type":"ReadAction","target":["https:\/\/uier.org\/oficina-accelera-pyme\/"]}]},{"@type":"BreadcrumbList","@id":"https:\/\/uier.org\/oficina-accelera-pyme\/#breadcrumb","itemListElement":[{"@type":"ListItem","position":1,"name":"Portada","item":"https:\/\/uier.org\/"},{"@type":"ListItem","position":2,"name":"Oficina Accelera Pyme"}]},{"@type":"WebSite","@id":"https:\/\/uier.org\/#website","url":"https:\/\/uier.org\/","name":"UIER","description":"Impulsem el progr\u00e9s empresarial del Ripoll\u00e8s","publisher":{"@id":"https:\/\/uier.org\/#organization"},"alternateName":"Uni\u00f3 Intersectorial Empresarial del Ripoll\u00e8s","potentialAction":[{"@type":"SearchAction","target":{"@type":"EntryPoint","urlTemplate":"https:\/\/uier.org\/?s={search_term_string}"},"query-input":{"@type":"PropertyValueSpecification","valueRequired":true,"valueName":"search_term_string"}}],"inLanguage":"es"},{"@type":"Organization","@id":"https:\/\/uier.org\/#organization","name":"UIER","alternateName":"Uni\u00f3 Intersectorial Empresarial del Ripoll\u00e8s","url":"https:\/\/uier.org\/","logo":{"@type":"ImageObject","inLanguage":"es","@id":"https:\/\/uier.org\/#\/schema\/logo\/image\/","url":"https:\/\/uier.org\/wp-content\/uploads\/2026\/01\/Logo-UIER.png","contentUrl":"https:\/\/uier.org\/wp-content\/uploads\/2026\/01\/Logo-UIER.png","width":700,"height":500,"caption":"UIER"},"image":{"@id":"https:\/\/uier.org\/#\/schema\/logo\/image\/"},"sameAs":["https:\/\/www.facebook.com\/uierpatronalripolles","https:\/\/www.instagram.com\/uierpatronalripolles"]}]}},"_links":{"self":[{"href":"https:\/\/uier.org\/es\/wp-json\/wp\/v2\/pages\/118384","targetHints":{"allow":["GET"]}}],"collection":[{"href":"https:\/\/uier.org\/es\/wp-json\/wp\/v2\/pages"}],"about":[{"href":"https:\/\/uier.org\/es\/wp-json\/wp\/v2\/types\/page"}],"author":[{"embeddable":true,"href":"https:\/\/uier.org\/es\/wp-json\/wp\/v2\/users\/2"}],"replies":[{"embeddable":true,"href":"https:\/\/uier.org\/es\/wp-json\/wp\/v2\/comments?post=118384"}],"version-history":[{"count":11,"href":"https:\/\/uier.org\/es\/wp-json\/wp\/v2\/pages\/118384\/revisions"}],"predecessor-version":[{"id":118822,"href":"https:\/\/uier.org\/es\/wp-json\/wp\/v2\/pages\/118384\/revisions\/118822"}],"wp:attachment":[{"href":"https:\/\/uier.org\/es\/wp-json\/wp\/v2\/media?parent=118384"}],"wp:term":[{"taxonomy":"dipi_cpt_category","embeddable":true,"href":"https:\/\/uier.org\/es\/wp-json\/wp\/v2\/dipi_cpt_category?post=118384"}],"curies":[{"name":"wp","href":"https:\/\/api.w.org\/{rel}","templated":true}]}}