{"id":117822,"date":"2025-11-13T13:08:38","date_gmt":"2025-11-13T12:08:38","guid":{"rendered":"https:\/\/uier.org\/?page_id=117822"},"modified":"2026-02-05T18:22:43","modified_gmt":"2026-02-05T17:22:43","slug":"traspas-de-negocis","status":"publish","type":"page","link":"https:\/\/uier.org\/es\/traspas-de-negocis\/","title":{"rendered":"Traspasos de negocios"},"content":{"rendered":"<p>[et_pb_section fb_built=&#8221;1&#8243; custom_padding_last_edited=&#8221;on|phone&#8221; admin_label=&#8221;Header&#8221; _builder_version=&#8221;4.27.5&#8243; _module_preset=&#8221;4976638c-7be4-46fb-8f56-a50155be23b3&#8243; background_enable_color=&#8221;off&#8221; background_color_gradient_stops=&#8221;rgba(0,0,0,0.3) 62%|#000000 100%&#8221; background_image=&#8221;https:\/\/uier.org\/wp-content\/uploads\/2025\/12\/comerc-obert.png&#8221; parallax=&#8221;on&#8221; custom_padding=&#8221;2vw||150px||false|false&#8221; custom_padding_tablet=&#8221;20vw||0px||false|false&#8221; custom_padding_phone=&#8221;20vw||0px||false|false&#8221; locked=&#8221;off&#8221; global_colors_info=&#8221;{}&#8221;][et_pb_row module_class=&#8221;de-inline-buttons&#8221; _builder_version=&#8221;4.27.4&#8243; _module_preset=&#8221;84b6730d-423e-4c98-adcb-ae9969dbcbf0&#8243; global_colors_info=&#8221;{}&#8221;][et_pb_column type=&#8221;4_4&#8243; _builder_version=&#8221;4.25.2&#8243; _module_preset=&#8221;default&#8221; global_colors_info=&#8221;{}&#8221;][et_pb_heading title=&#8221;Benviguts a la borsa de traspassos&#8221; _builder_version=&#8221;4.27.5&#8243; _module_preset=&#8221;b399b0fa-3873-4f57-86ec-335d1c893ddb&#8221; title_text_align=&#8221;center&#8221; title_text_color=&#8221;#FFFFFF&#8221; title_font_size=&#8221;16px&#8221; custom_padding=&#8221;||0px|||&#8221; global_colors_info=&#8221;{}&#8221;][\/et_pb_heading][et_pb_heading title=&#8221;Alguns comer\u00e7os no van al cel&#8230; Ressuscita&#8217;ls!&#8221; _builder_version=&#8221;4.27.4&#8243; _module_preset=&#8221;6c02966f-cd6a-4284-b26d-d7bd6474cf07&#8243; title_font=&#8221;Times New Roman||on||||||&#8221; title_text_align=&#8221;center&#8221; title_text_color=&#8221;#FFFFFF&#8221; max_width=&#8221;1080px&#8221; module_alignment=&#8221;center&#8221; custom_margin=&#8221;-9px|||||&#8221; title_font_size_phone=&#8221;50px&#8221; global_colors_info=&#8221;{}&#8221;][\/et_pb_heading][et_pb_button button_url=&#8221;https:\/\/docs.google.com\/forms\/d\/e\/1FAIpQLScaL7EtbtoiiSshMeDjcy-Ka0QSnjHY29T2yEJDFQylV5mWHw\/viewform&#8221; url_new_window=&#8221;on&#8221; button_text=&#8221;M&#8217;interessa un trasp\u00e0s!&#8221; _builder_version=&#8221;4.27.4&#8243; _module_preset=&#8221;202d326a-eb8d-47c3-bc9a-3bd2c9537730&#8243; custom_margin=&#8221;|15px||15px|false|true&#8221; global_colors_info=&#8221;{}&#8221;][\/et_pb_button][et_pb_button button_url=&#8221;https:\/\/docs.google.com\/forms\/d\/e\/1FAIpQLSezA9Tiw-4ge7StNBHlp3A3oslfLokg2j5MJHF0Hqh8NGTIsg\/viewform&#8221; url_new_window=&#8221;on&#8221; button_text=&#8221;Vull afegir un trasp\u00e0s a la borsa&#8221; _builder_version=&#8221;4.27.4&#8243; _module_preset=&#8221;202d326a-eb8d-47c3-bc9a-3bd2c9537730&#8243; button_bg_color=&#8221;#15c9b4&#8243; custom_margin=&#8221;|15px||15px|false|true&#8221; global_colors_info=&#8221;{}&#8221;][\/et_pb_button][et_pb_code _builder_version=&#8221;4.27.4&#8243; _module_preset=&#8221;default&#8221; global_colors_info=&#8221;{}&#8221;]<\/p>\n<style><!-- [et_pb_line_break_holder] -->.de-inline-buttons .et_pb_button_module_wrapper {<!-- [et_pb_line_break_holder] -->  display: inline-block;<!-- [et_pb_line_break_holder] -->}<!-- [et_pb_line_break_holder] -->.de-inline-buttons {<!-- [et_pb_line_break_holder] -->  text-align: center !important;<!-- [et_pb_line_break_holder] -->}<!-- [et_pb_line_break_holder] --><\/style>\n<p><!-- [et_pb_line_break_holder] --><!-- [et_pb_line_break_holder] -->[\/et_pb_code][\/et_pb_column][\/et_pb_row][\/et_pb_section][et_pb_section fb_built=&#8221;1&#8243; admin_label=&#8221;Listings&#8221; _builder_version=&#8221;4.25.2&#8243; _module_preset=&#8221;default&#8221; locked=&#8221;off&#8221; global_colors_info=&#8221;{}&#8221;][et_pb_row _builder_version=&#8221;4.27.4&#8243; _module_preset=&#8221;84b6730d-423e-4c98-adcb-ae9969dbcbf0&#8243; global_colors_info=&#8221;{}&#8221;][et_pb_column type=&#8221;4_4&#8243; _builder_version=&#8221;4.25.2&#8243; _module_preset=&#8221;default&#8221; global_colors_info=&#8221;{}&#8221;][et_pb_heading title=&#8221;Llistat de traspassos disponibles&#8221; _builder_version=&#8221;4.27.4&#8243; _module_preset=&#8221;b399b0fa-3873-4f57-86ec-335d1c893ddb&#8221; title_text_color=&#8221;gcid-b70c6ec4-3d09-43b5-80df-154e6e990bf3&#8243; locked=&#8221;off&#8221; global_colors_info=&#8221;{%22gcid-b70c6ec4-3d09-43b5-80df-154e6e990bf3%22:%91%22title_text_color%22%93}&#8221;][\/et_pb_heading][et_pb_heading title=&#8221;Traspassos al Ripoll\u00e8s.&#8221; _builder_version=&#8221;4.27.4&#8243; _module_preset=&#8221;d0bc13f7-890c-400c-8c39-75141e2e9148&#8243; title_font=&#8221;Times New Roman||on||||||&#8221; title_font_size=&#8221;50px&#8221; title_font_size_phone=&#8221;50px&#8221; locked=&#8221;off&#8221; global_colors_info=&#8221;{}&#8221;][\/et_pb_heading][\/et_pb_column][\/et_pb_row][et_pb_row _builder_version=&#8221;4.27.4&#8243; _module_preset=&#8221;default&#8221; width=&#8221;90%&#8221; max_width=&#8221;1500px&#8221; max_width_tablet=&#8221;650px&#8221; max_width_phone=&#8221;350px&#8221; max_width_last_edited=&#8221;on|phone&#8221; custom_margin_tablet=&#8221;&#8221; custom_margin_phone=&#8221;&#8221; custom_margin_last_edited=&#8221;on|phone&#8221; global_colors_info=&#8221;{}&#8221;][et_pb_column type=&#8221;4_4&#8243; _builder_version=&#8221;4.27.4&#8243; _module_preset=&#8221;default&#8221; global_colors_info=&#8221;{}&#8221;][et_pb_blog fullwidth=&#8221;off&#8221; post_type=&#8221;traspas&#8221; posts_number=&#8221;8&#8243; show_author=&#8221;off&#8221; _builder_version=&#8221;4.27.4&#8243; _module_preset=&#8221;default&#8221; header_font=&#8221;Times New Roman|800|||||||&#8221; header_font_size=&#8221;27px&#8221; meta_font=&#8221;|700|on||||||&#8221; meta_text_color=&#8221;#15c586&#8243; pagination_font=&#8221;|600|on||||||&#8221; global_colors_info=&#8221;{}&#8221;][\/et_pb_blog][\/et_pb_column][\/et_pb_row][\/et_pb_section][et_pb_section fb_built=&#8221;1&#8243; admin_label=&#8221;Services&#8221; _builder_version=&#8221;4.25.2&#8243; _module_preset=&#8221;default&#8221; background_color=&#8221;gcid-b6c4f12c-f25d-4f61-9fb1-6e96404634cd&#8221; hover_enabled=&#8221;0&#8243; locked=&#8221;off&#8221; global_colors_info=&#8221;{%22gcid-b6c4f12c-f25d-4f61-9fb1-6e96404634cd%22:%91%22background_color%22%93}&#8221; sticky_enabled=&#8221;0&#8243;][et_pb_row column_structure=&#8221;1_2,1_2&#8243; _builder_version=&#8221;4.27.5&#8243; _module_preset=&#8221;default&#8221; width=&#8221;90%&#8221; max_width=&#8221;1500px&#8221; hover_enabled=&#8221;0&#8243; global_colors_info=&#8221;{}&#8221; sticky_enabled=&#8221;0&#8243;][et_pb_column type=&#8221;1_2&#8243; _builder_version=&#8221;4.25.2&#8243; _module_preset=&#8221;default&#8221; global_colors_info=&#8221;{}&#8221;][et_pb_heading _builder_version=&#8221;4.27.4&#8243; _module_preset=&#8221;b399b0fa-3873-4f57-86ec-335d1c893ddb&#8221; title_text_color=&#8221;gcid-b70c6ec4-3d09-43b5-80df-154e6e990bf3&#8243; global_colors_info=&#8221;{%22gcid-b70c6ec4-3d09-43b5-80df-154e6e990bf3%22:%91%22title_text_color%22%93}&#8221;][\/et_pb_heading][et_pb_heading title=&#8221;Est\u00e0s interessat\/da en un trasp\u00e0s?&#8221; _builder_version=&#8221;4.27.4&#8243; _module_preset=&#8221;4c219a72-0f13-41f9-9185-8d3bee7b733d&#8221; title_font=&#8221;Times New Roman||||||||&#8221; title_font_size=&#8221;55px&#8221; custom_margin=&#8221;||10px||false|false&#8221; title_font_size_phone=&#8221;50px&#8221; global_colors_info=&#8221;{}&#8221;][\/et_pb_heading][et_pb_button button_url=&#8221;https:\/\/docs.google.com\/forms\/d\/e\/1FAIpQLScaL7EtbtoiiSshMeDjcy-Ka0QSnjHY29T2yEJDFQylV5mWHw\/viewform&#8221; url_new_window=&#8221;on&#8221; button_text=&#8221;fes click aqu\u00ed!&#8221; _builder_version=&#8221;4.27.4&#8243; _module_preset=&#8221;202d326a-eb8d-47c3-bc9a-3bd2c9537730&#8243; global_colors_info=&#8221;{}&#8221;][\/et_pb_button][et_pb_heading title=&#8221;Est\u00e0s interessat\/da en afegir el teu comer\u00e7\/empresa a la borsa de traspassos?&#8221; _builder_version=&#8221;4.27.4&#8243; _module_preset=&#8221;4c219a72-0f13-41f9-9185-8d3bee7b733d&#8221; title_font=&#8221;Times New Roman||||||||&#8221; title_font_size=&#8221;50px&#8221; custom_margin=&#8221;||10px||false|false&#8221; title_font_size_phone=&#8221;50px&#8221; global_colors_info=&#8221;{}&#8221;][\/et_pb_heading][et_pb_button button_url=&#8221;https:\/\/docs.google.com\/forms\/d\/e\/1FAIpQLSezA9Tiw-4ge7StNBHlp3A3oslfLokg2j5MJHF0Hqh8NGTIsg\/viewform&#8221; url_new_window=&#8221;on&#8221; button_text=&#8221;fes click aqu\u00ed!&#8221; _builder_version=&#8221;4.27.4&#8243; _module_preset=&#8221;202d326a-eb8d-47c3-bc9a-3bd2c9537730&#8243; button_bg_color=&#8221;#15c9b4&#8243; global_colors_info=&#8221;{}&#8221;][\/et_pb_button][\/et_pb_column][et_pb_column type=&#8221;1_2&#8243; _builder_version=&#8221;4.25.2&#8243; _module_preset=&#8221;default&#8221; global_colors_info=&#8221;{}&#8221;][et_pb_text _builder_version=&#8221;4.27.4&#8243; _module_preset=&#8221;default&#8221; text_text_color=&#8221;#000000&#8243; global_colors_info=&#8221;{}&#8221;]<\/p>\n<p>Des de la UIER estem col\u00b7laborant amb<span>\u00a0<\/span><strong>Reempresa, el mercat de compravenda de petites i mitjanes empreses<\/strong>, i creiem que podria ser del teu inter\u00e8s con\u00e8ixer els serveis que ofereixen.<\/p>\n<div data-index=\"0\" data-style=\"{&quot;background_image_attachment&quot;:false,&quot;background_display&quot;:&quot;tile&quot;}\">\n<p>Reempresa posa en contacte persones que volen vendre una empresa en funcionament amb<span>\u00a0<\/span><strong>altres empreses o persones que volen posar en marxa un negoci, sense haver de comen\u00e7ar de zero.<\/strong><\/p>\n<p>El servei disposa d\u2019un mercat amb m\u00e9s de<span>\u00a0<\/span><strong>1.250 empreses en venda<\/strong><span>\u00a0<\/span>de diversos sectors, i<span>\u00a0<\/span><strong>m\u00e9s de 20.000 perfils de potencials compradors donats d\u2019alta<\/strong>. A m\u00e9s, ofereix un acompanyament integral i neutral en tot el proc\u00e9s de transmissi\u00f3, tant a la persona que vol vendre com a la persona que vol comprar.<\/p>\n<p>Reempresa t\u2019ajuda a<span>\u00a0<\/span><strong>definir la proposta de compra, cercar empreses<span>\u00a0<\/span><\/strong>que encaixin amb el teu perfil<strong>, valorar econ\u00f2micament<span>\u00a0<\/span><\/strong>l\u2019empresa que t\u2019interessi,<strong><span>\u00a0<\/span>fer un pla de viabilitat<span>\u00a0<\/span><\/strong>i cercar<strong><span>\u00a0<\/span>finan\u00e7ament<span>\u00a0<\/span><\/strong>per a la compra, a m\u00e9s de redactar<strong><span>\u00a0<\/span>qualsevol document legal vinculat amb el proc\u00e9s de transmissi\u00f3<\/strong><span>\u00a0<\/span>i intermediar de manera neutral en tot el proc\u00e9s perqu\u00e8 arribi a bon port.<\/p>\n<p><strong>I tot aix\u00f2 sense cap cost<\/strong>, ni per a tu ni per a la persona que vol vendre l\u2019empresa!<\/p>\n<p>El servei de Reempresa compta amb el suport del<span>\u00a0<\/span><strong>Departament d\u2019Empresa i Treball de la Generalitat de Catalunya<span>\u00a0<\/span><\/strong>per estendre el servei arreu del territori.<\/p>\n<p>Si vols tenir m\u00e9s informaci\u00f3 del servei pots entrar a<span>\u00a0<\/span><a href=\"http:\/\/www.reempresa.org\/\">www.reempresa.org<\/a>, i si tens qualsevol dubte ens pots contactar i et facilitarem la informaci\u00f3 necess\u00e0ria!<\/p>\n<\/div>\n<p>[\/et_pb_text][\/et_pb_column][\/et_pb_row][\/et_pb_section]<\/p>\n","protected":false},"excerpt":{"rendered":"<p>Des de la UIER estem col\u00b7laborant amb\u00a0Reempresa, el mercat de compravenda de petites i mitjanes empreses, i creiem que podria ser del teu inter\u00e8s con\u00e8ixer els serveis que ofereixen. Reempresa posa en contacte persones que volen vendre una empresa en funcionament amb\u00a0altres empreses o persones que volen posar en marxa un negoci, sense haver de [&hellip;]<\/p>\n","protected":false},"author":2,"featured_media":0,"parent":0,"menu_order":0,"comment_status":"closed","ping_status":"closed","template":"","meta":{"_acf_changed":false,"_et_pb_use_builder":"on","_et_pb_old_content":"","_et_gb_content_width":"","footnotes":""},"dipi_cpt_category":[],"class_list":["post-117822","page","type-page","status-publish","hentry"],"acf":[],"yoast_head":"<!-- This site is optimized with the Yoast SEO plugin v27.5 - https:\/\/yoast.com\/product\/yoast-seo-wordpress\/ -->\n<title>Trasp\u00e0s de negocis - UIER<\/title>\n<meta name=\"description\" content=\"Descobreix les oportunitats de trasp\u00e0s d\u2019empreses al Ripoll\u00e8s amb UIER: compra o ven negocis amb assessorament i suport empresarial.\" \/>\n<meta name=\"robots\" content=\"index, follow, max-snippet:-1, max-image-preview:large, max-video-preview:-1\" \/>\n<link rel=\"canonical\" href=\"https:\/\/uier.org\/es\/traspas-de-negocis\/\" \/>\n<meta property=\"og:locale\" content=\"es_ES\" \/>\n<meta property=\"og:type\" content=\"article\" \/>\n<meta property=\"og:title\" content=\"traspassos d\u2019empreses Ripoll\u00e8s\" \/>\n<meta property=\"og:description\" content=\"Descobreix les oportunitats de trasp\u00e0s d\u2019empreses al Ripoll\u00e8s amb UIER: compra o ven negocis amb assessorament i suport empresarial.\" \/>\n<meta property=\"og:url\" content=\"https:\/\/uier.org\/es\/traspas-de-negocis\/\" \/>\n<meta property=\"og:site_name\" content=\"UIER\" \/>\n<meta property=\"article:publisher\" content=\"https:\/\/www.facebook.com\/uierpatronalripolles\" \/>\n<meta property=\"article:modified_time\" content=\"2026-02-05T17:22:43+00:00\" \/>\n<meta property=\"og:image\" content=\"https:\/\/uier.org\/wp-content\/uploads\/2026\/01\/Logo-UIER.png\" \/>\n\t<meta property=\"og:image:width\" content=\"700\" \/>\n\t<meta property=\"og:image:height\" content=\"500\" \/>\n\t<meta property=\"og:image:type\" content=\"image\/png\" \/>\n<meta name=\"twitter:card\" content=\"summary_large_image\" \/>\n<meta name=\"twitter:label1\" content=\"Tiempo de lectura\" \/>\n\t<meta name=\"twitter:data1\" content=\"6 minutos\" \/>\n<script type=\"application\/ld+json\" class=\"yoast-schema-graph\">{\"@context\":\"https:\\\/\\\/schema.org\",\"@graph\":[{\"@type\":\"WebPage\",\"@id\":\"https:\\\/\\\/uier.org\\\/traspas-de-negocis\\\/\",\"url\":\"https:\\\/\\\/uier.org\\\/traspas-de-negocis\\\/\",\"name\":\"Trasp\u00e0s de negocis - UIER\",\"isPartOf\":{\"@id\":\"https:\\\/\\\/uier.org\\\/#website\"},\"datePublished\":\"2025-11-13T12:08:38+00:00\",\"dateModified\":\"2026-02-05T17:22:43+00:00\",\"description\":\"Descobreix les oportunitats de trasp\u00e0s d\u2019empreses al Ripoll\u00e8s amb UIER: compra o ven negocis amb assessorament i suport empresarial.\",\"breadcrumb\":{\"@id\":\"https:\\\/\\\/uier.org\\\/traspas-de-negocis\\\/#breadcrumb\"},\"inLanguage\":\"es\",\"potentialAction\":[{\"@type\":\"ReadAction\",\"target\":[\"https:\\\/\\\/uier.org\\\/traspas-de-negocis\\\/\"]}]},{\"@type\":\"BreadcrumbList\",\"@id\":\"https:\\\/\\\/uier.org\\\/traspas-de-negocis\\\/#breadcrumb\",\"itemListElement\":[{\"@type\":\"ListItem\",\"position\":1,\"name\":\"Portada\",\"item\":\"https:\\\/\\\/uier.org\\\/\"},{\"@type\":\"ListItem\",\"position\":2,\"name\":\"Trasp\u00e0s de negocis\"}]},{\"@type\":\"WebSite\",\"@id\":\"https:\\\/\\\/uier.org\\\/#website\",\"url\":\"https:\\\/\\\/uier.org\\\/\",\"name\":\"UIER\",\"description\":\"Impulsem el progr\u00e9s empresarial del Ripoll\u00e8s\",\"publisher\":{\"@id\":\"https:\\\/\\\/uier.org\\\/#organization\"},\"alternateName\":\"Uni\u00f3 Intersectorial Empresarial del Ripoll\u00e8s\",\"potentialAction\":[{\"@type\":\"SearchAction\",\"target\":{\"@type\":\"EntryPoint\",\"urlTemplate\":\"https:\\\/\\\/uier.org\\\/?s={search_term_string}\"},\"query-input\":{\"@type\":\"PropertyValueSpecification\",\"valueRequired\":true,\"valueName\":\"search_term_string\"}}],\"inLanguage\":\"es\"},{\"@type\":\"Organization\",\"@id\":\"https:\\\/\\\/uier.org\\\/#organization\",\"name\":\"UIER\",\"alternateName\":\"Uni\u00f3 Intersectorial Empresarial del Ripoll\u00e8s\",\"url\":\"https:\\\/\\\/uier.org\\\/\",\"logo\":{\"@type\":\"ImageObject\",\"inLanguage\":\"es\",\"@id\":\"https:\\\/\\\/uier.org\\\/#\\\/schema\\\/logo\\\/image\\\/\",\"url\":\"https:\\\/\\\/uier.org\\\/wp-content\\\/uploads\\\/2026\\\/01\\\/Logo-UIER.png\",\"contentUrl\":\"https:\\\/\\\/uier.org\\\/wp-content\\\/uploads\\\/2026\\\/01\\\/Logo-UIER.png\",\"width\":700,\"height\":500,\"caption\":\"UIER\"},\"image\":{\"@id\":\"https:\\\/\\\/uier.org\\\/#\\\/schema\\\/logo\\\/image\\\/\"},\"sameAs\":[\"https:\\\/\\\/www.facebook.com\\\/uierpatronalripolles\",\"https:\\\/\\\/www.instagram.com\\\/uierpatronalripolles\"]}]}<\/script>\n<!-- \/ Yoast SEO plugin. -->","yoast_head_json":{"title":"Trasp\u00e0s de negocis - UIER","description":"Descobreix les oportunitats de trasp\u00e0s d\u2019empreses al Ripoll\u00e8s amb UIER: compra o ven negocis amb assessorament i suport empresarial.","robots":{"index":"index","follow":"follow","max-snippet":"max-snippet:-1","max-image-preview":"max-image-preview:large","max-video-preview":"max-video-preview:-1"},"canonical":"https:\/\/uier.org\/es\/traspas-de-negocis\/","og_locale":"es_ES","og_type":"article","og_title":"traspassos d\u2019empreses Ripoll\u00e8s","og_description":"Descobreix les oportunitats de trasp\u00e0s d\u2019empreses al Ripoll\u00e8s amb UIER: compra o ven negocis amb assessorament i suport empresarial.","og_url":"https:\/\/uier.org\/es\/traspas-de-negocis\/","og_site_name":"UIER","article_publisher":"https:\/\/www.facebook.com\/uierpatronalripolles","article_modified_time":"2026-02-05T17:22:43+00:00","og_image":[{"width":700,"height":500,"url":"https:\/\/uier.org\/wp-content\/uploads\/2026\/01\/Logo-UIER.png","type":"image\/png"}],"twitter_card":"summary_large_image","twitter_misc":{"Tiempo de lectura":"6 minutos"},"schema":{"@context":"https:\/\/schema.org","@graph":[{"@type":"WebPage","@id":"https:\/\/uier.org\/traspas-de-negocis\/","url":"https:\/\/uier.org\/traspas-de-negocis\/","name":"Trasp\u00e0s de negocis - UIER","isPartOf":{"@id":"https:\/\/uier.org\/#website"},"datePublished":"2025-11-13T12:08:38+00:00","dateModified":"2026-02-05T17:22:43+00:00","description":"Descobreix les oportunitats de trasp\u00e0s d\u2019empreses al Ripoll\u00e8s amb UIER: compra o ven negocis amb assessorament i suport empresarial.","breadcrumb":{"@id":"https:\/\/uier.org\/traspas-de-negocis\/#breadcrumb"},"inLanguage":"es","potentialAction":[{"@type":"ReadAction","target":["https:\/\/uier.org\/traspas-de-negocis\/"]}]},{"@type":"BreadcrumbList","@id":"https:\/\/uier.org\/traspas-de-negocis\/#breadcrumb","itemListElement":[{"@type":"ListItem","position":1,"name":"Portada","item":"https:\/\/uier.org\/"},{"@type":"ListItem","position":2,"name":"Trasp\u00e0s de negocis"}]},{"@type":"WebSite","@id":"https:\/\/uier.org\/#website","url":"https:\/\/uier.org\/","name":"UIER","description":"Impulsem el progr\u00e9s empresarial del Ripoll\u00e8s","publisher":{"@id":"https:\/\/uier.org\/#organization"},"alternateName":"Uni\u00f3 Intersectorial Empresarial del Ripoll\u00e8s","potentialAction":[{"@type":"SearchAction","target":{"@type":"EntryPoint","urlTemplate":"https:\/\/uier.org\/?s={search_term_string}"},"query-input":{"@type":"PropertyValueSpecification","valueRequired":true,"valueName":"search_term_string"}}],"inLanguage":"es"},{"@type":"Organization","@id":"https:\/\/uier.org\/#organization","name":"UIER","alternateName":"Uni\u00f3 Intersectorial Empresarial del Ripoll\u00e8s","url":"https:\/\/uier.org\/","logo":{"@type":"ImageObject","inLanguage":"es","@id":"https:\/\/uier.org\/#\/schema\/logo\/image\/","url":"https:\/\/uier.org\/wp-content\/uploads\/2026\/01\/Logo-UIER.png","contentUrl":"https:\/\/uier.org\/wp-content\/uploads\/2026\/01\/Logo-UIER.png","width":700,"height":500,"caption":"UIER"},"image":{"@id":"https:\/\/uier.org\/#\/schema\/logo\/image\/"},"sameAs":["https:\/\/www.facebook.com\/uierpatronalripolles","https:\/\/www.instagram.com\/uierpatronalripolles"]}]}},"_links":{"self":[{"href":"https:\/\/uier.org\/es\/wp-json\/wp\/v2\/pages\/117822","targetHints":{"allow":["GET"]}}],"collection":[{"href":"https:\/\/uier.org\/es\/wp-json\/wp\/v2\/pages"}],"about":[{"href":"https:\/\/uier.org\/es\/wp-json\/wp\/v2\/types\/page"}],"author":[{"embeddable":true,"href":"https:\/\/uier.org\/es\/wp-json\/wp\/v2\/users\/2"}],"replies":[{"embeddable":true,"href":"https:\/\/uier.org\/es\/wp-json\/wp\/v2\/comments?post=117822"}],"version-history":[{"count":21,"href":"https:\/\/uier.org\/es\/wp-json\/wp\/v2\/pages\/117822\/revisions"}],"predecessor-version":[{"id":118575,"href":"https:\/\/uier.org\/es\/wp-json\/wp\/v2\/pages\/117822\/revisions\/118575"}],"wp:attachment":[{"href":"https:\/\/uier.org\/es\/wp-json\/wp\/v2\/media?parent=117822"}],"wp:term":[{"taxonomy":"dipi_cpt_category","embeddable":true,"href":"https:\/\/uier.org\/es\/wp-json\/wp\/v2\/dipi_cpt_category?post=117822"}],"curies":[{"name":"wp","href":"https:\/\/api.w.org\/{rel}","templated":true}]}}